{"id":2720,"date":"2020-10-09T19:29:41","date_gmt":"2020-10-10T00:29:41","guid":{"rendered":"http:\/\/localhost\/park\/?post_type=product&#038;p=2720"},"modified":"2025-04-08T14:13:19","modified_gmt":"2025-04-08T19:13:19","slug":"suite-superior","status":"publish","type":"product","link":"https:\/\/park85.com\/en\/tienda\/habitaciones\/suite-superior\/","title":{"rendered":"Superior"},"content":{"rendered":"<p style=\"text-align: justify;\">Disfruta de un agradable y tranquilo descanso en nuestra Suite Superior. Amplia, c\u00f3moda y con un dise\u00f1o moderno integrado a balcones, all\u00ed podr\u00e1s disfrutar de los servicios de minibar, televisi\u00f3n, aire acondicionado, agua caliente y desayuno en la habitaci\u00f3n. La habitaci\u00f3n incluye un \u00fatil y c\u00f3modo armario, tambi\u00e9n tendr\u00e1s un ba\u00f1o con acabados elegantes y sofisticados.<\/p>\n<p style=\"text-align: justify;\">Podr\u00e1s contar con un\u00a0escritorio de trabajo y estar conectado con el mundo desde el Internet\u00a0de alta velocidad que te permitir\u00e1 estar informado. Para tu seguridad incluimos una caja fuerte. Reserva ahora para darte la mejor tarifa.<\/p>","protected":false},"excerpt":{"rendered":"<p>Disfruta de un agradable y tranquilo descanso en nuestra Suite Superior. Amplia, c\u00f3moda y con un dise\u00f1o moderno integrado a balcones, all\u00ed podr\u00e1s disfrutar de los servicios de minibar, televisi\u00f3n, aire acondicionado, agua caliente y desayuno en la habitaci\u00f3n. La habitaci\u00f3n incluye un \u00fatil y c\u00f3modo armario, tambi\u00e9n tendr\u00e1s un ba\u00f1o con acabados elegantes y sofisticados. Podr\u00e1s contar con un\u00a0escritorio de trabajo y estar conectado con el mundo desde el Internet\u00a0de alta velocidad que te permitir\u00e1 estar informado. Para tu seguridad incluimos una caja fuerte. Reserva ahora para darte la mejor tarifa.<\/p>","protected":false},"featured_media":8759,"comment_status":"closed","ping_status":"closed","template":"","meta":{"site-sidebar-layout":"default","site-content-layout":"default","ast-site-content-layout":"default","site-content-style":"default","site-sidebar-style":"default","ast-global-header-display":"","ast-banner-title-visibility":"","ast-main-header-display":"","ast-hfb-above-header-display":"","ast-hfb-below-header-display":"","ast-hfb-mobile-header-display":"","site-post-title":"","ast-breadcrumbs-content":"","ast-featured-img":"","footer-sml-layout":"","theme-transparent-header-meta":"default","adv-header-id-meta":"","stick-header-meta":"","header-above-stick-meta":"","header-main-stick-meta":"","header-below-stick-meta":"","astra-migrate-meta-layouts":"set","ast-page-background-enabled":"default","ast-page-background-meta":{"desktop":{"background-color":"","background-image":"","background-repeat":"repeat","background-position":"center center","background-size":"auto","background-attachment":"scroll","background-type":"","background-media":"","overlay-type":"","overlay-color":"","overlay-opacity":"","overlay-gradient":""},"tablet":{"background-color":"","background-image":"","background-repeat":"repeat","background-position":"center center","background-size":"auto","background-attachment":"scroll","background-type":"","background-media":"","overlay-type":"","overlay-color":"","overlay-opacity":"","overlay-gradient":""},"mobile":{"background-color":"","background-image":"","background-repeat":"repeat","background-position":"center center","background-size":"auto","background-attachment":"scroll","background-type":"","background-media":"","overlay-type":"","overlay-color":"","overlay-opacity":"","overlay-gradient":""}},"ast-content-background-meta":{"desktop":{"background-color":"var(--ast-global-color-5)","background-image":"","background-repeat":"repeat","background-position":"center center","background-size":"auto","background-attachment":"scroll","background-type":"","background-media":"","overlay-type":"","overlay-color":"","overlay-opacity":"","overlay-gradient":""},"tablet":{"background-color":"var(--ast-global-color-5)","background-image":"","background-repeat":"repeat","background-position":"center center","background-size":"auto","background-attachment":"scroll","background-type":"","background-media":"","overlay-type":"","overlay-color":"","overlay-opacity":"","overlay-gradient":""},"mobile":{"background-color":"var(--ast-global-color-5)","background-image":"","background-repeat":"repeat","background-position":"center center","background-size":"auto","background-attachment":"scroll","background-type":"","background-media":"","overlay-type":"","overlay-color":"","overlay-opacity":"","overlay-gradient":""}}},"product_brand":[],"product_cat":[159],"product_tag":[111,113,114,112,110,115,105,108,106,109,107],"class_list":{"0":"post-2720","1":"product","2":"type-product","3":"status-publish","4":"has-post-thumbnail","6":"product_cat-habitaciones","7":"product_tag-armario-de-ropa","8":"product_tag-articulos-de-bano-disponibles","9":"product_tag-balcon","10":"product_tag-bano-privado","11":"product_tag-caja-fuerte","12":"product_tag-camas-supletorias-disponibles","13":"product_tag-capacidad-para-2-personas","14":"product_tag-escritorio-de-trabajo","15":"product_tag-internet-de-alta-velocidad","16":"product_tag-minibar","17":"product_tag-televisor-hd-de-42-pulgadas","18":"desktop-align-left","19":"tablet-align-left","20":"mobile-align-left","22":"first","23":"instock","24":"virtual","25":"purchasable","26":"product-type-simple"},"_links":{"self":[{"href":"https:\/\/park85.com\/en\/wp-json\/wp\/v2\/product\/2720","targetHints":{"allow":["GET"]}}],"collection":[{"href":"https:\/\/park85.com\/en\/wp-json\/wp\/v2\/product"}],"about":[{"href":"https:\/\/park85.com\/en\/wp-json\/wp\/v2\/types\/product"}],"replies":[{"embeddable":true,"href":"https:\/\/park85.com\/en\/wp-json\/wp\/v2\/comments?post=2720"}],"wp:featuredmedia":[{"embeddable":true,"href":"https:\/\/park85.com\/en\/wp-json\/wp\/v2\/media\/8759"}],"wp:attachment":[{"href":"https:\/\/park85.com\/en\/wp-json\/wp\/v2\/media?parent=2720"}],"wp:term":[{"taxonomy":"product_brand","embeddable":true,"href":"https:\/\/park85.com\/en\/wp-json\/wp\/v2\/product_brand?post=2720"},{"taxonomy":"product_cat","embeddable":true,"href":"https:\/\/park85.com\/en\/wp-json\/wp\/v2\/product_cat?post=2720"},{"taxonomy":"product_tag","embeddable":true,"href":"https:\/\/park85.com\/en\/wp-json\/wp\/v2\/product_tag?post=2720"}],"curies":[{"name":"wp","href":"https:\/\/api.w.org\/{rel}","templated":true}]}}